{"id":3762,"date":"2024-01-23T15:45:57","date_gmt":"2024-01-23T14:45:57","guid":{"rendered":"https:\/\/oledinteractive.lu\/ecran-geant-led-luxembourg-belgique\/?post_type=product&#038;p=3762"},"modified":"2024-01-23T15:47:35","modified_gmt":"2024-01-23T14:47:35","slug":"player-nova-tb-50","status":"publish","type":"product","link":"https:\/\/oledinteractive.lu\/ecran-geant-led-luxembourg-belgique\/produit\/player-nova-tb-50\/","title":{"rendered":"PLAYER NOVA TB 50"},"content":{"rendered":"<p>TB50 + module 4G inclus (n\u00e9cessite une carte SIM et un abonnement mobile\/data pour fonctionner)<\/p>\n<p>Solution tout-en-un : lecteur multim\u00e9dia et carte \u00e9mettrice avec fonction de mise \u00e0 l\u2019\u00e9chelle<br \/>\nPossibilit\u00e9 de commander jusqu\u2019\u00e0 1 300 000 pixels<br \/>\nBo\u00eetier m\u00e9tallique<br \/>\nConnexion Ethernet, Wi-Fi ou 4G<br \/>\nChargement de nouveaux contenus et configuration \u00e0 distance des \u00e9crans \u00e0 l\u2019aide d\u2019un PC ou d\u2019un appareil mobile<\/p>\n","protected":false},"excerpt":{"rendered":"<p>Player All In one Novastar 1 300 000 pixels\u00a0 2x RJ45 output<\/p>\n","protected":false},"featured_media":3763,"comment_status":"closed","ping_status":"closed","template":"","meta":[],"product_brand":[],"product_cat":[38,39],"product_tag":[],"class_list":{"0":"post-3762","1":"product","2":"type-product","3":"status-publish","4":"has-post-thumbnail","6":"product_cat-player-ecran-geant-led","7":"product_cat-sender-ecran-geant-led","9":"first","10":"instock","11":"taxable","12":"shipping-taxable","13":"product-type-simple","14":"czr-hentry"},"jetpack_sharing_enabled":true,"_links":{"self":[{"href":"https:\/\/oledinteractive.lu\/ecran-geant-led-luxembourg-belgique\/wp-json\/wp\/v2\/product\/3762","targetHints":{"allow":["GET"]}}],"collection":[{"href":"https:\/\/oledinteractive.lu\/ecran-geant-led-luxembourg-belgique\/wp-json\/wp\/v2\/product"}],"about":[{"href":"https:\/\/oledinteractive.lu\/ecran-geant-led-luxembourg-belgique\/wp-json\/wp\/v2\/types\/product"}],"replies":[{"embeddable":true,"href":"https:\/\/oledinteractive.lu\/ecran-geant-led-luxembourg-belgique\/wp-json\/wp\/v2\/comments?post=3762"}],"wp:featuredmedia":[{"embeddable":true,"href":"https:\/\/oledinteractive.lu\/ecran-geant-led-luxembourg-belgique\/wp-json\/wp\/v2\/media\/3763"}],"wp:attachment":[{"href":"https:\/\/oledinteractive.lu\/ecran-geant-led-luxembourg-belgique\/wp-json\/wp\/v2\/media?parent=3762"}],"wp:term":[{"taxonomy":"product_brand","embeddable":true,"href":"https:\/\/oledinteractive.lu\/ecran-geant-led-luxembourg-belgique\/wp-json\/wp\/v2\/product_brand?post=3762"},{"taxonomy":"product_cat","embeddable":true,"href":"https:\/\/oledinteractive.lu\/ecran-geant-led-luxembourg-belgique\/wp-json\/wp\/v2\/product_cat?post=3762"},{"taxonomy":"product_tag","embeddable":true,"href":"https:\/\/oledinteractive.lu\/ecran-geant-led-luxembourg-belgique\/wp-json\/wp\/v2\/product_tag?post=3762"}],"curies":[{"name":"wp","href":"https:\/\/api.w.org\/{rel}","templated":true}]}}