{"id":2140,"date":"2016-04-13T09:21:59","date_gmt":"2016-04-13T08:21:59","guid":{"rendered":"http:\/\/oledinteractive.lu\/wp\/?page_id=2140"},"modified":"2020-11-20T18:54:21","modified_gmt":"2020-11-20T17:54:21","slug":"vitrine-multimedia-tactile","status":"publish","type":"page","link":"https:\/\/oledinteractive.lu\/ecran-geant-led-luxembourg-belgique\/vitrine-multimedia-tactile\/","title":{"rendered":"TRANSPARENT TOUCH SCREEN"},"content":{"rendered":"<p style=\"text-align: justify;\">Ci-dessous, de nouvelles applications pour la technologie OLED, d&rsquo;un cot\u00e9 des \u00e9crans tactiles et transparents, de l&rsquo;autre des vitrines \u00e0 projection holographique avec int\u00e9grations d&rsquo;informations et d&rsquo;images.<\/p>\n<p style=\"text-align: justify;\">Produits destin\u00e9s aux entreprises comme les bijouteries, les lieux de loisirs, h\u00f4tels, restaurants, agences immobili\u00e8res, le secteur de l&rsquo;\u00e9v\u00e9nementiel, voire m\u00eame pour le priv\u00e9, puisque notre soci\u00e9t\u00e9 a constamment besoin d&rsquo;un contact direct avec l&rsquo;information.<\/p>\n<p style=\"text-align: justify;\">L&rsquo;effet \u00ab\u00a0WOW\u00a0\u00bb est garanti. Une fois \u00e9teintes, ces surfaces d&rsquo;affichages redeviennent transparentes. La technologie est dors et d\u00e9j\u00e0 disponible. Pour plus d&rsquo;informations, prenez contact avec notre service commercial.<\/p>\n<p style=\"text-align: justify;\"><a href=\"mailto:info@oledinteractive.lu\">info@oledinteractive.lu<\/a><\/p>\n<p style=\"text-align: justify;\">N&rsquo;attendez pas, le futur c&rsquo;est maintenant!<\/p>\n<p style=\"text-align: justify;\">Catalogue: <a href=\"http:\/\/oledinteractive.lu\/wp\/wp-content\/uploads\/2016\/04\/fridge-trans1.pdf\" target=\"_blank\" rel=\"noopener noreferrer\">Transparent Showcase and Fridge<\/a><\/p>\n<table>\n<tbody>\n<tr>\n<td>&nbsp;<\/p>\n<p>&nbsp;<\/p>\n\n\t\t<style type=\"text\/css\">\n\t\t\t#gallery-1 {\n\t\t\t\tmargin: auto;\n\t\t\t}\n\t\t\t#gallery-1 .gallery-item {\n\t\t\t\tfloat: left;\n\t\t\t\tmargin-top: 10px;\n\t\t\t\ttext-align: center;\n\t\t\t\twidth: 33%;\n\t\t\t}\n\t\t\t#gallery-1 img {\n\t\t\t\tborder: 2px solid #cfcfcf;\n\t\t\t}\n\t\t\t#gallery-1 .gallery-caption {\n\t\t\t\tmargin-left: 0;\n\t\t\t}\n\t\t\t\/* see gallery_shortcode() in wp-includes\/media.php *\/\n\t\t<\/style>\n\t\t<div id='gallery-1' class='gallery galleryid-2140 gallery-columns-3 gallery-size-thumbnail'><dl class='gallery-item'>\n\t\t\t<dt class='gallery-icon landscape'>\n\t\t\t\t<a class=\"grouped_elements\" rel=\"tc-fancybox-group\" href=\"https:\/\/oledinteractive.lu\/wp\/wp-content\/uploads\/2018\/02\/20180209_111058-1-scaled.jpg\" title=\"20180209_111058\"><img loading=\"lazy\" decoding=\"async\" width=\"150\" height=\"150\" src=\"https:\/\/oledinteractive.lu\/wp\/wp-content\/uploads\/2018\/02\/20180209_111058-1-150x150.jpg\" class=\"attachment-thumbnail size-thumbnail\" alt=\"\" srcset=\"https:\/\/oledinteractive.lu\/wp\/wp-content\/uploads\/2018\/02\/20180209_111058-1-150x150.jpg 150w, https:\/\/oledinteractive.lu\/wp\/wp-content\/uploads\/2018\/02\/20180209_111058-1-300x300.jpg 300w, https:\/\/oledinteractive.lu\/wp\/wp-content\/uploads\/2018\/02\/20180209_111058-1-100x100.jpg 100w\" sizes=\"auto, (max-width: 150px) 100vw, 150px\" \/><\/a>\n\t\t\t<\/dt><\/dl><dl class='gallery-item'>\n\t\t\t<dt class='gallery-icon landscape'>\n\t\t\t\t<a class=\"grouped_elements\" rel=\"tc-fancybox-group\" href=\"https:\/\/oledinteractive.lu\/wp\/wp-content\/uploads\/2018\/02\/20180209_113027-1-e1518529483922-scaled.jpg\" title=\"20180209_113027\"><img loading=\"lazy\" decoding=\"async\" width=\"150\" height=\"150\" src=\"https:\/\/oledinteractive.lu\/wp\/wp-content\/uploads\/2018\/02\/20180209_113027-1-e1518529483922-150x150.jpg\" class=\"attachment-thumbnail size-thumbnail\" alt=\"\" srcset=\"https:\/\/oledinteractive.lu\/wp\/wp-content\/uploads\/2018\/02\/20180209_113027-1-e1518529483922-150x150.jpg 150w, https:\/\/oledinteractive.lu\/wp\/wp-content\/uploads\/2018\/02\/20180209_113027-1-e1518529483922-300x300.jpg 300w, https:\/\/oledinteractive.lu\/wp\/wp-content\/uploads\/2018\/02\/20180209_113027-1-e1518529483922-100x100.jpg 100w\" sizes=\"auto, (max-width: 150px) 100vw, 150px\" \/><\/a>\n\t\t\t<\/dt><\/dl><dl class='gallery-item'>\n\t\t\t<dt class='gallery-icon portrait'>\n\t\t\t\t<a class=\"grouped_elements\" rel=\"tc-fancybox-group\" href=\"https:\/\/oledinteractive.lu\/wp\/wp-content\/uploads\/2018\/02\/12.1-19-T-LCD-Showcase-e1518529409566-scaled.jpg\" title=\"12.1, 19 T-LCD Showcase\"><img loading=\"lazy\" decoding=\"async\" width=\"150\" height=\"150\" src=\"https:\/\/oledinteractive.lu\/wp\/wp-content\/uploads\/2018\/02\/12.1-19-T-LCD-Showcase-e1518529409566-150x150.jpg\" class=\"attachment-thumbnail size-thumbnail\" alt=\"\" srcset=\"https:\/\/oledinteractive.lu\/wp\/wp-content\/uploads\/2018\/02\/12.1-19-T-LCD-Showcase-e1518529409566-150x150.jpg 150w, https:\/\/oledinteractive.lu\/wp\/wp-content\/uploads\/2018\/02\/12.1-19-T-LCD-Showcase-e1518529409566-300x300.jpg 300w, https:\/\/oledinteractive.lu\/wp\/wp-content\/uploads\/2018\/02\/12.1-19-T-LCD-Showcase-e1518529409566-100x100.jpg 100w\" sizes=\"auto, (max-width: 150px) 100vw, 150px\" \/><\/a>\n\t\t\t<\/dt><\/dl><br style=\"clear: both\" \/><dl class='gallery-item'>\n\t\t\t<dt class='gallery-icon landscape'>\n\t\t\t\t<a class=\"grouped_elements\" rel=\"tc-fancybox-group\" href=\"https:\/\/oledinteractive.lu\/wp\/wp-content\/uploads\/2017\/03\/84inch-Dubai-air-port-1.jpg\" title=\"\"><img loading=\"lazy\" decoding=\"async\" width=\"150\" height=\"150\" src=\"https:\/\/oledinteractive.lu\/wp\/wp-content\/uploads\/2017\/03\/84inch-Dubai-air-port-1-150x150.jpg\" class=\"attachment-thumbnail size-thumbnail\" alt=\"\" srcset=\"https:\/\/oledinteractive.lu\/wp\/wp-content\/uploads\/2017\/03\/84inch-Dubai-air-port-1-150x150.jpg 150w, https:\/\/oledinteractive.lu\/wp\/wp-content\/uploads\/2017\/03\/84inch-Dubai-air-port-1-300x300.jpg 300w, https:\/\/oledinteractive.lu\/wp\/wp-content\/uploads\/2017\/03\/84inch-Dubai-air-port-1-100x100.jpg 100w\" sizes=\"auto, (max-width: 150px) 100vw, 150px\" \/><\/a>\n\t\t\t<\/dt><\/dl><dl class='gallery-item'>\n\t\t\t<dt class='gallery-icon landscape'>\n\t\t\t\t<a class=\"grouped_elements\" rel=\"tc-fancybox-group\" href=\"https:\/\/oledinteractive.lu\/wp\/wp-content\/uploads\/2016\/05\/1.png\" title=\"\"><img loading=\"lazy\" decoding=\"async\" width=\"150\" height=\"150\" src=\"https:\/\/oledinteractive.lu\/wp\/wp-content\/uploads\/2016\/05\/1-150x150.png\" class=\"attachment-thumbnail size-thumbnail\" alt=\"\" srcset=\"https:\/\/oledinteractive.lu\/wp\/wp-content\/uploads\/2016\/05\/1-150x150.png 150w, https:\/\/oledinteractive.lu\/wp\/wp-content\/uploads\/2016\/05\/1-300x300.png 300w, https:\/\/oledinteractive.lu\/wp\/wp-content\/uploads\/2016\/05\/1-100x100.png 100w\" sizes=\"auto, (max-width: 150px) 100vw, 150px\" \/><\/a>\n\t\t\t<\/dt><\/dl><dl class='gallery-item'>\n\t\t\t<dt class='gallery-icon landscape'>\n\t\t\t\t<a class=\"grouped_elements\" rel=\"tc-fancybox-group\" href=\"https:\/\/oledinteractive.lu\/wp\/wp-content\/uploads\/2016\/05\/9.jpg\" title=\"\"><img loading=\"lazy\" decoding=\"async\" width=\"150\" height=\"150\" src=\"https:\/\/oledinteractive.lu\/wp\/wp-content\/uploads\/2016\/05\/9-150x150.jpg\" class=\"attachment-thumbnail size-thumbnail\" alt=\"\" srcset=\"https:\/\/oledinteractive.lu\/wp\/wp-content\/uploads\/2016\/05\/9-150x150.jpg 150w, https:\/\/oledinteractive.lu\/wp\/wp-content\/uploads\/2016\/05\/9-300x300.jpg 300w, https:\/\/oledinteractive.lu\/wp\/wp-content\/uploads\/2016\/05\/9-100x100.jpg 100w\" sizes=\"auto, (max-width: 150px) 100vw, 150px\" \/><\/a>\n\t\t\t<\/dt><\/dl><br style=\"clear: both\" \/><dl class='gallery-item'>\n\t\t\t<dt class='gallery-icon landscape'>\n\t\t\t\t<a class=\"grouped_elements\" rel=\"tc-fancybox-group\" href=\"https:\/\/oledinteractive.lu\/wp\/wp-content\/uploads\/2016\/05\/4.jpg\" title=\"\"><img loading=\"lazy\" decoding=\"async\" width=\"150\" height=\"150\" src=\"https:\/\/oledinteractive.lu\/wp\/wp-content\/uploads\/2016\/05\/4-150x150.jpg\" class=\"attachment-thumbnail size-thumbnail\" alt=\"\" srcset=\"https:\/\/oledinteractive.lu\/wp\/wp-content\/uploads\/2016\/05\/4-150x150.jpg 150w, https:\/\/oledinteractive.lu\/wp\/wp-content\/uploads\/2016\/05\/4-300x300.jpg 300w, https:\/\/oledinteractive.lu\/wp\/wp-content\/uploads\/2016\/05\/4-100x100.jpg 100w\" sizes=\"auto, (max-width: 150px) 100vw, 150px\" \/><\/a>\n\t\t\t<\/dt><\/dl><dl class='gallery-item'>\n\t\t\t<dt class='gallery-icon landscape'>\n\t\t\t\t<a class=\"grouped_elements\" rel=\"tc-fancybox-group\" href=\"https:\/\/oledinteractive.lu\/wp\/wp-content\/uploads\/2016\/05\/5.jpg\" title=\"\"><img loading=\"lazy\" decoding=\"async\" width=\"150\" height=\"150\" src=\"https:\/\/oledinteractive.lu\/wp\/wp-content\/uploads\/2016\/05\/5-150x150.jpg\" class=\"attachment-thumbnail size-thumbnail\" alt=\"\" srcset=\"https:\/\/oledinteractive.lu\/wp\/wp-content\/uploads\/2016\/05\/5-150x150.jpg 150w, https:\/\/oledinteractive.lu\/wp\/wp-content\/uploads\/2016\/05\/5-300x300.jpg 300w, https:\/\/oledinteractive.lu\/wp\/wp-content\/uploads\/2016\/05\/5-100x100.jpg 100w\" sizes=\"auto, (max-width: 150px) 100vw, 150px\" \/><\/a>\n\t\t\t<\/dt><\/dl><dl class='gallery-item'>\n\t\t\t<dt class='gallery-icon landscape'>\n\t\t\t\t<a class=\"grouped_elements\" rel=\"tc-fancybox-group\" href=\"https:\/\/oledinteractive.lu\/wp\/wp-content\/uploads\/2016\/04\/0203161603b-scaled.jpg\" title=\"\"><img loading=\"lazy\" decoding=\"async\" width=\"150\" height=\"150\" src=\"https:\/\/oledinteractive.lu\/wp\/wp-content\/uploads\/2016\/04\/0203161603b-150x150.jpg\" class=\"attachment-thumbnail size-thumbnail\" alt=\"\" srcset=\"https:\/\/oledinteractive.lu\/wp\/wp-content\/uploads\/2016\/04\/0203161603b-150x150.jpg 150w, https:\/\/oledinteractive.lu\/wp\/wp-content\/uploads\/2016\/04\/0203161603b-300x300.jpg 300w, https:\/\/oledinteractive.lu\/wp\/wp-content\/uploads\/2016\/04\/0203161603b-100x100.jpg 100w\" sizes=\"auto, (max-width: 150px) 100vw, 150px\" \/><\/a>\n\t\t\t<\/dt><\/dl><br style=\"clear: both\" \/><dl class='gallery-item'>\n\t\t\t<dt class='gallery-icon landscape'>\n\t\t\t\t<a class=\"grouped_elements\" rel=\"tc-fancybox-group\" href=\"https:\/\/oledinteractive.lu\/wp\/wp-content\/uploads\/2017\/03\/196159390612075451-1.png\" title=\"\"><img loading=\"lazy\" decoding=\"async\" width=\"150\" height=\"150\" src=\"https:\/\/oledinteractive.lu\/wp\/wp-content\/uploads\/2017\/03\/196159390612075451-1-150x150.png\" class=\"attachment-thumbnail size-thumbnail\" alt=\"\" srcset=\"https:\/\/oledinteractive.lu\/wp\/wp-content\/uploads\/2017\/03\/196159390612075451-1-150x150.png 150w, https:\/\/oledinteractive.lu\/wp\/wp-content\/uploads\/2017\/03\/196159390612075451-1-300x300.png 300w, https:\/\/oledinteractive.lu\/wp\/wp-content\/uploads\/2017\/03\/196159390612075451-1-100x100.png 100w\" sizes=\"auto, (max-width: 150px) 100vw, 150px\" \/><\/a>\n\t\t\t<\/dt><\/dl><dl class='gallery-item'>\n\t\t\t<dt class='gallery-icon portrait'>\n\t\t\t\t<a class=\"grouped_elements\" rel=\"tc-fancybox-group\" href=\"https:\/\/oledinteractive.lu\/wp\/wp-content\/uploads\/2017\/03\/851338523484673040-1.jpg\" title=\"\"><img loading=\"lazy\" decoding=\"async\" width=\"150\" height=\"150\" src=\"https:\/\/oledinteractive.lu\/wp\/wp-content\/uploads\/2017\/03\/851338523484673040-1-150x150.jpg\" class=\"attachment-thumbnail size-thumbnail\" alt=\"\" srcset=\"https:\/\/oledinteractive.lu\/wp\/wp-content\/uploads\/2017\/03\/851338523484673040-1-150x150.jpg 150w, https:\/\/oledinteractive.lu\/wp\/wp-content\/uploads\/2017\/03\/851338523484673040-1-300x300.jpg 300w, https:\/\/oledinteractive.lu\/wp\/wp-content\/uploads\/2017\/03\/851338523484673040-1-100x100.jpg 100w\" sizes=\"auto, (max-width: 150px) 100vw, 150px\" \/><\/a>\n\t\t\t<\/dt><\/dl><dl class='gallery-item'>\n\t\t\t<dt class='gallery-icon landscape'>\n\t\t\t\t<a class=\"grouped_elements\" rel=\"tc-fancybox-group\" href=\"https:\/\/oledinteractive.lu\/wp\/wp-content\/uploads\/2016\/04\/P1101745-1024x768.jpg\" title=\"\"><img loading=\"lazy\" decoding=\"async\" width=\"150\" height=\"150\" src=\"https:\/\/oledinteractive.lu\/wp\/wp-content\/uploads\/2016\/04\/P1101745-1024x768-150x150.jpg\" class=\"attachment-thumbnail size-thumbnail\" alt=\"\" srcset=\"https:\/\/oledinteractive.lu\/wp\/wp-content\/uploads\/2016\/04\/P1101745-1024x768-150x150.jpg 150w, https:\/\/oledinteractive.lu\/wp\/wp-content\/uploads\/2016\/04\/P1101745-1024x768-300x300.jpg 300w, https:\/\/oledinteractive.lu\/wp\/wp-content\/uploads\/2016\/04\/P1101745-1024x768-100x100.jpg 100w\" sizes=\"auto, (max-width: 150px) 100vw, 150px\" \/><\/a>\n\t\t\t<\/dt><\/dl><br style=\"clear: both\" \/>\n\t\t<\/div>\n\n<p>&nbsp;<\/td>\n<td>&nbsp;<\/p>\n<p><iframe loading=\"lazy\" src=\"https:\/\/www.youtube.com\/embed\/videoseries?list=PLy28jbvF_ynyVyCPoD-sdp7XbJOLyMgue\" width=\"640\" height=\"480\" frameborder=\"0\" allowfullscreen=\"allowfullscreen\"><\/iframe><\/td>\n<\/tr>\n<\/tbody>\n<\/table>\n<p>&nbsp;<\/p>\n","protected":false},"excerpt":{"rendered":"<p>Ci-dessous, de nouvelles applications pour la technologie OLED, d&rsquo;un cot\u00e9 des \u00e9crans tactiles et transparents, de l&rsquo;autre des vitrines \u00e0 projection holographique avec int\u00e9grations d&rsquo;informations et d&rsquo;images. Produits destin\u00e9s aux entreprises comme les bijouteries, les lieux de loisirs, h\u00f4tels, restaurants, agences immobili\u00e8res, le secteur de l&rsquo;\u00e9v\u00e9nementiel, voire m\u00eame pour le priv\u00e9, puisque notre soci\u00e9t\u00e9 a [&hellip;]<\/p>\n","protected":false},"author":1,"featured_media":2636,"parent":0,"menu_order":0,"comment_status":"closed","ping_status":"closed","template":"","meta":{"footnotes":""},"class_list":["post-2140","page","type-page","status-publish","has-post-thumbnail","czr-hentry"],"jetpack_sharing_enabled":true,"_links":{"self":[{"href":"https:\/\/oledinteractive.lu\/ecran-geant-led-luxembourg-belgique\/wp-json\/wp\/v2\/pages\/2140","targetHints":{"allow":["GET"]}}],"collection":[{"href":"https:\/\/oledinteractive.lu\/ecran-geant-led-luxembourg-belgique\/wp-json\/wp\/v2\/pages"}],"about":[{"href":"https:\/\/oledinteractive.lu\/ecran-geant-led-luxembourg-belgique\/wp-json\/wp\/v2\/types\/page"}],"author":[{"embeddable":true,"href":"https:\/\/oledinteractive.lu\/ecran-geant-led-luxembourg-belgique\/wp-json\/wp\/v2\/users\/1"}],"replies":[{"embeddable":true,"href":"https:\/\/oledinteractive.lu\/ecran-geant-led-luxembourg-belgique\/wp-json\/wp\/v2\/comments?post=2140"}],"version-history":[{"count":32,"href":"https:\/\/oledinteractive.lu\/ecran-geant-led-luxembourg-belgique\/wp-json\/wp\/v2\/pages\/2140\/revisions"}],"predecessor-version":[{"id":3511,"href":"https:\/\/oledinteractive.lu\/ecran-geant-led-luxembourg-belgique\/wp-json\/wp\/v2\/pages\/2140\/revisions\/3511"}],"wp:featuredmedia":[{"embeddable":true,"href":"https:\/\/oledinteractive.lu\/ecran-geant-led-luxembourg-belgique\/wp-json\/wp\/v2\/media\/2636"}],"wp:attachment":[{"href":"https:\/\/oledinteractive.lu\/ecran-geant-led-luxembourg-belgique\/wp-json\/wp\/v2\/media?parent=2140"}],"curies":[{"name":"wp","href":"https:\/\/api.w.org\/{rel}","templated":true}]}}