{"id":161,"date":"2015-04-11T15:23:24","date_gmt":"2015-04-11T14:23:24","guid":{"rendered":"http:\/\/oledinteractive.lu\/wp\/?page_id=161"},"modified":"2021-09-16T13:25:53","modified_gmt":"2021-09-16T12:25:53","slug":"accueil-2","status":"publish","type":"page","link":"https:\/\/oledinteractive.lu\/ecran-geant-led-luxembourg-belgique\/","title":{"rendered":"ACCUEIL"},"content":{"rendered":"<table style=\"height: 428px; width: 100%;\" width=\"1390\">\n<tbody>\n<tr>\n<td style=\"text-align: left; width: 37.4185%;\">\n<h3><\/h3>\n<h3><\/h3>\n<h3><\/h3>\n<h3><\/h3>\n<h3 style=\"text-align: left; padding-left: 40px;\"><span style=\"color: #000000;\"><strong><span style=\"color: #333333;\">OLED INTERACTIVE SARL<\/span><\/strong><br \/>\n<\/span><\/h3>\n<h4 style=\"text-align: left; padding-left: 40px;\"><span style=\"color: #333333;\">Plus de 20 ans d\u2019exp\u00e9rience<\/span><\/h4>\n<h4 style=\"padding-left: 40px;\"><\/h4>\n<p>&nbsp;<\/p>\n<p>&nbsp;<\/p>\n<h4 style=\"padding-left: 40px;\"><span style=\"color: #333333;\">Conseils professionnels<br \/>\n<\/span><br \/>\n<span style=\"color: #333333;\">Consulting &amp; project management<br \/>\n<\/span><br \/>\n<span style=\"color: #333333;\">Cr\u00e9ations vid\u00e9o &amp; gestion de contenu<br \/>\n<\/span><br \/>\n<span style=\"color: #333333;\">Architecture &amp; infrastructure r\u00e9seaux<br \/>\n<\/span><br \/>\n<span style=\"color: #333333;\">IT services &amp; mat\u00e9riel professionnel<\/span><\/h4>\n<p>&nbsp;<\/p>\n<h3><\/h3>\n<h3 id=\"apDiv7\"><span style=\"color: #808080;\">\u00a0<\/span><\/h3>\n<p>&nbsp;<\/p>\n<h3><span style=\"color: #808080;\">\u00a0<\/span><\/h3>\n<\/td>\n<td style=\"text-align: right; width: 62.509%;\"><a href=\"http:\/\/oledinteractive.lu\/wp\/?page_id=1814\"><img loading=\"lazy\" decoding=\"async\" class=\"alignnone wp-image-3458\" src=\"http:\/\/oledinteractive.lu\/wp\/wp-content\/uploads\/2020\/03\/B9721118118Z.1_20191003104036_000G8UEJAJIR.2-0.jpg\" alt=\"\" width=\"923\" height=\"615\" srcset=\"https:\/\/oledinteractive.lu\/wp\/wp-content\/uploads\/2020\/03\/B9721118118Z.1_20191003104036_000G8UEJAJIR.2-0.jpg 1004w, https:\/\/oledinteractive.lu\/wp\/wp-content\/uploads\/2020\/03\/B9721118118Z.1_20191003104036_000G8UEJAJIR.2-0-600x400.jpg 600w, https:\/\/oledinteractive.lu\/wp\/wp-content\/uploads\/2020\/03\/B9721118118Z.1_20191003104036_000G8UEJAJIR.2-0-300x200.jpg 300w, https:\/\/oledinteractive.lu\/wp\/wp-content\/uploads\/2020\/03\/B9721118118Z.1_20191003104036_000G8UEJAJIR.2-0-768x512.jpg 768w\" sizes=\"auto, (max-width: 923px) 100vw, 923px\" \/><\/a><\/td>\n<\/tr>\n<\/tbody>\n<\/table>\n<p><a href=\"http:\/\/oledinteractive.lu\/wp\/?page_id=2892\"><img loading=\"lazy\" decoding=\"async\" class=\"aligncenter wp-image-2896 size-full\" src=\"http:\/\/oledinteractive.lu\/wp\/wp-content\/uploads\/2017\/09\/digital-12.png\" alt=\"\" width=\"1500\" height=\"600\" srcset=\"https:\/\/oledinteractive.lu\/wp\/wp-content\/uploads\/2017\/09\/digital-12.png 1500w, https:\/\/oledinteractive.lu\/wp\/wp-content\/uploads\/2017\/09\/digital-12-600x240.png 600w, https:\/\/oledinteractive.lu\/wp\/wp-content\/uploads\/2017\/09\/digital-12-300x120.png 300w, https:\/\/oledinteractive.lu\/wp\/wp-content\/uploads\/2017\/09\/digital-12-768x307.png 768w, https:\/\/oledinteractive.lu\/wp\/wp-content\/uploads\/2017\/09\/digital-12-1024x410.png 1024w\" sizes=\"auto, (max-width: 1500px) 100vw, 1500px\" \/><\/a><\/p>\n<div class=\"notranslate\" style=\"all: initial;\"><\/div>\n<div class=\"notranslate\" style=\"all: initial;\"><\/div>\n","protected":false},"excerpt":{"rendered":"<p>OLED INTERACTIVE SARL Plus de 20 ans d\u2019exp\u00e9rience &nbsp; &nbsp; Conseils professionnels Consulting &amp; project management Cr\u00e9ations vid\u00e9o &amp; gestion de contenu Architecture &amp; infrastructure r\u00e9seaux IT services &amp; mat\u00e9riel professionnel &nbsp; \u00a0 &nbsp; \u00a0<\/p>\n","protected":false},"author":1,"featured_media":0,"parent":0,"menu_order":1,"comment_status":"closed","ping_status":"open","template":"","meta":{"footnotes":""},"class_list":["post-161","page","type-page","status-publish","czr-hentry"],"jetpack_sharing_enabled":true,"_links":{"self":[{"href":"https:\/\/oledinteractive.lu\/ecran-geant-led-luxembourg-belgique\/wp-json\/wp\/v2\/pages\/161","targetHints":{"allow":["GET"]}}],"collection":[{"href":"https:\/\/oledinteractive.lu\/ecran-geant-led-luxembourg-belgique\/wp-json\/wp\/v2\/pages"}],"about":[{"href":"https:\/\/oledinteractive.lu\/ecran-geant-led-luxembourg-belgique\/wp-json\/wp\/v2\/types\/page"}],"author":[{"embeddable":true,"href":"https:\/\/oledinteractive.lu\/ecran-geant-led-luxembourg-belgique\/wp-json\/wp\/v2\/users\/1"}],"replies":[{"embeddable":true,"href":"https:\/\/oledinteractive.lu\/ecran-geant-led-luxembourg-belgique\/wp-json\/wp\/v2\/comments?post=161"}],"version-history":[{"count":182,"href":"https:\/\/oledinteractive.lu\/ecran-geant-led-luxembourg-belgique\/wp-json\/wp\/v2\/pages\/161\/revisions"}],"predecessor-version":[{"id":3644,"href":"https:\/\/oledinteractive.lu\/ecran-geant-led-luxembourg-belgique\/wp-json\/wp\/v2\/pages\/161\/revisions\/3644"}],"wp:attachment":[{"href":"https:\/\/oledinteractive.lu\/ecran-geant-led-luxembourg-belgique\/wp-json\/wp\/v2\/media?parent=161"}],"curies":[{"name":"wp","href":"https:\/\/api.w.org\/{rel}","templated":true}]}}