{"id":1403,"date":"2015-06-29T10:53:12","date_gmt":"2015-06-29T09:53:12","guid":{"rendered":"http:\/\/oledinteractive.lu\/wp\/?page_id=1403"},"modified":"2024-11-07T16:17:25","modified_gmt":"2024-11-07T15:17:25","slug":"news","status":"publish","type":"page","link":"https:\/\/oledinteractive.lu\/ecran-geant-led-luxembourg-belgique\/news\/","title":{"rendered":"NEWS"},"content":{"rendered":"<p>&nbsp;<\/p>\n<table>\n<tbody>\n<tr>\n<td><a href=\"https:\/\/oledinteractive.lu\/ecran-geant-led-luxembourg-belgique\/samsung-aurait-signe-un-partenariat-avec-epistar\/\">\u00a0Accord entre Epistar et Samsung <\/a><br \/>\n<a href=\"https:\/\/oledinteractive.lu\/ecran-geant-led-luxembourg-belgique\/samsung-the-wall-luxury-microled-de-292-pouces-12-million-deuros-pour-33-millions-de-%c2%b5-pixels\/\">\u00a0292 pouce Microled Samsung THE WALL LUXURY <\/a><br \/>\n<a href=\"https:\/\/oledinteractive.lu\/ecran-geant-led-luxembourg-belgique\/lg-faconne-le-future\/\">\u00a0OLED LG fa\u00e7onne le future<\/a><br \/>\n<a class=\"row-title\" href=\"http:\/\/oledinteractive.lu\/wp\/?p=2912\" aria-label=\"\u00ab\u00a0LG se tourne d\u00e9finitivement vers l\u2019 OLED\u00a0\u00bb (Modifier)\">\u00a0LG se tourne d\u00e9finitivement vers l\u2019 OLED<\/a><br \/>\n<a class=\"row-title\" href=\"http:\/\/oledinteractive.lu\/wp\/?p=2910\" aria-label=\"\u00ab\u00a0LG fournirait les \u00e9crans OLED \u00e0 Huawei, Xiaomi, Oppo et Vivo\u00a0\u00bb (Modifier)\">\u00a0LG fournirait les \u00e9crans OLED \u00e0 Huawei, Xiaomi, Oppo et Vivo<\/a><br \/>\n<a href=\"http:\/\/oledinteractive.lu\/wp\/?p=2915\">\u00a0PICTURE ON WALL LG<\/a><br \/>\n<a href=\"http:\/\/oledinteractive.lu\/wp\/?p=2919\">\u00a0LG SIGNATURE WALLPAPER<\/a><br \/>\n<a href=\"http:\/\/oledinteractive.lu\/wp\/?p=2296\">\u00a0LG augmente \u00e0 nouveau sa production de dalle OLED<\/a><br \/>\n<a href=\"http:\/\/oledinteractive.lu\/wp\/?p=2159\">\u00a0SKY W. lance un nouveau \u00e9cran TV OLED 4k HDR<\/a><br \/>\n<a href=\"http:\/\/oledinteractive.lu\/wp\/?p=1982\">APPLE et son \u00e9cran LED vertigineux<\/a><br \/>\n<a href=\"http:\/\/oledinteractive.lu\/wp\/?p=1933\">AMOLED maintenant moins couteux que le LCD<\/a><br \/>\n<a href=\"http:\/\/oledinteractive.lu\/wp\/?p=1882\">SAMSUNG et LG : l&rsquo;alliance technologique !<\/a><br \/>\n<a href=\"http:\/\/oledinteractive.lu\/wp\/?p=1793\">Apple : en marche vers l&rsquo;AMOLED?<\/a><br \/>\n<a href=\"http:\/\/oledinteractive.lu\/wp\/?p=1790\">CES: Lg en pleine \u00ab\u00a0forme\u00a0\u00bb<\/a><br \/>\n<a href=\"http:\/\/oledinteractive.lu\/wp\/?p=1775\">Mirror Display<\/a><br \/>\n<a href=\"http:\/\/oledinteractive.lu\/wp\/?p=1767\">Transparent Display<\/a><br \/>\n<a href=\"http:\/\/oledinteractive.lu\/wp\/?p=1747\">Ecran LED publicitaire BOOS k&rsquo;fe<\/a><br \/>\n<a href=\"http:\/\/oledinteractive.lu\/wp\/?p=1696\">LG investi des milliards dans la technologie OLED<\/a><br \/>\n<a href=\"http:\/\/oledinteractive.lu\/wp\/?p=1612\">PLANAR SYSTEMS commercialise son \u00e9cran transparent tactile 55&Prime;.<\/a><br \/>\n<a href=\"http:\/\/oledinteractive.lu\/wp\/?p=1573\">AUDI E-Tron interface OLED<\/a><br \/>\n<a href=\"http:\/\/oledinteractive.lu\/wp\/?p=1530\">Boos K\u2019F\u00e9 : \u00c9cran Ext\u00e9rieur \u00e0 Bridel Luxembourg<\/a><br \/>\n<a href=\"http:\/\/oledinteractive.lu\/wp\/?p=1495\">AUDI: De la Bougie \u00e0 l&rsquo;OLED<\/a><br \/>\n<a href=\"http:\/\/oledinteractive.lu\/wp\/?p=1440\">Miroir OLED et vitrine transparente LED<\/a><br \/>\n<a href=\"http:\/\/oledinteractive.lu\/wp\/?p=1391\">Samsung et la s\u00e9curit\u00e9 routi\u00e8re<\/a><br \/>\n<a href=\"http:\/\/oledinteractive.lu\/wp\/?p=1422\">LG Ecran OLED flexible 0.97mm\u00a0<\/a><br \/>\n<a href=\"http:\/\/oledinteractive.lu\/wp\/?p=1408\">GNV OLED souple 0.01mm<\/a><\/td>\n<td><img loading=\"lazy\" decoding=\"async\" class=\"size-full wp-image-1061 aligncenter\" src=\"http:\/\/oledinteractive.lu\/wp\/wp-content\/uploads\/2015\/06\/lgd-5-inch-plastic-oled1.jpg\" alt=\"lgd-5-inch-plastic-oled1\" width=\"619\" height=\"417\" srcset=\"https:\/\/oledinteractive.lu\/wp\/wp-content\/uploads\/2015\/06\/lgd-5-inch-plastic-oled1.jpg 619w, https:\/\/oledinteractive.lu\/wp\/wp-content\/uploads\/2015\/06\/lgd-5-inch-plastic-oled1-600x404.jpg 600w, https:\/\/oledinteractive.lu\/wp\/wp-content\/uploads\/2015\/06\/lgd-5-inch-plastic-oled1-300x202.jpg 300w\" sizes=\"auto, (max-width: 619px) 100vw, 619px\" \/><\/td>\n<\/tr>\n<\/tbody>\n<\/table>\n<p>&nbsp;<\/p>\n","protected":false},"excerpt":{"rendered":"<p>&nbsp; \u00a0Accord entre Epistar et Samsung \u00a0292 pouce Microled Samsung THE WALL LUXURY \u00a0OLED LG fa\u00e7onne le future \u00a0LG se tourne d\u00e9finitivement vers l\u2019 OLED \u00a0LG fournirait les \u00e9crans OLED \u00e0 Huawei, Xiaomi, Oppo et Vivo \u00a0PICTURE ON WALL LG \u00a0LG SIGNATURE WALLPAPER \u00a0LG augmente \u00e0 nouveau sa production de dalle OLED \u00a0SKY W. lance [&hellip;]<\/p>\n","protected":false},"author":1,"featured_media":0,"parent":0,"menu_order":0,"comment_status":"closed","ping_status":"open","template":"","meta":{"footnotes":""},"class_list":["post-1403","page","type-page","status-publish","czr-hentry"],"jetpack_sharing_enabled":true,"_links":{"self":[{"href":"https:\/\/oledinteractive.lu\/ecran-geant-led-luxembourg-belgique\/wp-json\/wp\/v2\/pages\/1403","targetHints":{"allow":["GET"]}}],"collection":[{"href":"https:\/\/oledinteractive.lu\/ecran-geant-led-luxembourg-belgique\/wp-json\/wp\/v2\/pages"}],"about":[{"href":"https:\/\/oledinteractive.lu\/ecran-geant-led-luxembourg-belgique\/wp-json\/wp\/v2\/types\/page"}],"author":[{"embeddable":true,"href":"https:\/\/oledinteractive.lu\/ecran-geant-led-luxembourg-belgique\/wp-json\/wp\/v2\/users\/1"}],"replies":[{"embeddable":true,"href":"https:\/\/oledinteractive.lu\/ecran-geant-led-luxembourg-belgique\/wp-json\/wp\/v2\/comments?post=1403"}],"version-history":[{"count":52,"href":"https:\/\/oledinteractive.lu\/ecran-geant-led-luxembourg-belgique\/wp-json\/wp\/v2\/pages\/1403\/revisions"}],"predecessor-version":[{"id":3801,"href":"https:\/\/oledinteractive.lu\/ecran-geant-led-luxembourg-belgique\/wp-json\/wp\/v2\/pages\/1403\/revisions\/3801"}],"wp:attachment":[{"href":"https:\/\/oledinteractive.lu\/ecran-geant-led-luxembourg-belgique\/wp-json\/wp\/v2\/media?parent=1403"}],"curies":[{"name":"wp","href":"https:\/\/api.w.org\/{rel}","templated":true}]}}