{"id":14,"date":"2015-04-10T18:02:03","date_gmt":"2015-04-10T17:02:03","guid":{"rendered":"http:\/\/oledinteractive.lu\/wp\/?page_id=14"},"modified":"2021-09-16T13:42:17","modified_gmt":"2021-09-16T12:42:17","slug":"info","status":"publish","type":"page","link":"https:\/\/oledinteractive.lu\/ecran-geant-led-luxembourg-belgique\/info\/","title":{"rendered":"LA SOCIETE"},"content":{"rendered":"<p style=\"text-align: justify;\">Nous r\u00e9alisons l&rsquo;\u00e9tude, la conception et la mise en place d\u2019affichages dynamiques sur mesure, essentiels \u00e0 toute communication digitale professionnelle. Notre exp\u00e9rience sur les march\u00e9s internationaux nous permet de travailler avec des fabricants de produits \u00e9lectroniques de haute qualit\u00e9.<\/p>\n<hr \/>\n<p><img loading=\"lazy\" decoding=\"async\" class=\"alignnone wp-image-3594 size-full\" src=\"http:\/\/oledinteractive.lu\/wp\/wp-content\/uploads\/2021\/09\/20210709_000109-scaled.jpg\" alt=\"\" width=\"2560\" height=\"1440\" srcset=\"https:\/\/oledinteractive.lu\/wp\/wp-content\/uploads\/2021\/09\/20210709_000109-scaled.jpg 2560w, https:\/\/oledinteractive.lu\/wp\/wp-content\/uploads\/2021\/09\/20210709_000109-300x169.jpg 300w, https:\/\/oledinteractive.lu\/wp\/wp-content\/uploads\/2021\/09\/20210709_000109-1024x576.jpg 1024w, https:\/\/oledinteractive.lu\/wp\/wp-content\/uploads\/2021\/09\/20210709_000109-768x432.jpg 768w, https:\/\/oledinteractive.lu\/wp\/wp-content\/uploads\/2021\/09\/20210709_000109-1536x864.jpg 1536w, https:\/\/oledinteractive.lu\/wp\/wp-content\/uploads\/2021\/09\/20210709_000109-2048x1152.jpg 2048w, https:\/\/oledinteractive.lu\/wp\/wp-content\/uploads\/2021\/09\/20210709_000109-600x338.jpg 600w\" sizes=\"auto, (max-width: 2560px) 100vw, 2560px\" \/><\/p>\n<hr \/>\n<p style=\"text-align: justify;\">Les \u00e9crans r\u00e9pondront \u00e0 vos attentes en s\u2019int\u00e9grant parfaitement dans leur environnement. Ces supports, dont le contenu est modulable \u00e0 souhait, offrent une tr\u00e8s grande capacit\u00e9 d\u2019attraction pour votre client\u00e8le. Ainsi, votre image, qui peut \u00e9voluer chaque jour et chaque semaine, est pleinement valoris\u00e9e.<\/p>\n\n\t\t<style type=\"text\/css\">\n\t\t\t#gallery-1 {\n\t\t\t\tmargin: auto;\n\t\t\t}\n\t\t\t#gallery-1 .gallery-item {\n\t\t\t\tfloat: left;\n\t\t\t\tmargin-top: 10px;\n\t\t\t\ttext-align: center;\n\t\t\t\twidth: 16%;\n\t\t\t}\n\t\t\t#gallery-1 img {\n\t\t\t\tborder: 2px solid #cfcfcf;\n\t\t\t}\n\t\t\t#gallery-1 .gallery-caption {\n\t\t\t\tmargin-left: 0;\n\t\t\t}\n\t\t\t\/* see gallery_shortcode() in wp-includes\/media.php *\/\n\t\t<\/style>\n\t\t<div id='gallery-1' class='gallery galleryid-14 gallery-columns-6 gallery-size-thumbnail'><dl class='gallery-item'>\n\t\t\t<dt class='gallery-icon landscape'>\n\t\t\t\t<a class=\"grouped_elements\" rel=\"tc-fancybox-group\" href=\"https:\/\/oledinteractive.lu\/wp\/wp-content\/uploads\/2016\/08\/Flex-LED-7.jpg\" title=\"\"><img loading=\"lazy\" decoding=\"async\" width=\"150\" height=\"150\" src=\"https:\/\/oledinteractive.lu\/wp\/wp-content\/uploads\/2016\/08\/Flex-LED-7-150x150.jpg\" class=\"attachment-thumbnail size-thumbnail\" alt=\"\" srcset=\"https:\/\/oledinteractive.lu\/wp\/wp-content\/uploads\/2016\/08\/Flex-LED-7-150x150.jpg 150w, https:\/\/oledinteractive.lu\/wp\/wp-content\/uploads\/2016\/08\/Flex-LED-7-300x300.jpg 300w, https:\/\/oledinteractive.lu\/wp\/wp-content\/uploads\/2016\/08\/Flex-LED-7-100x100.jpg 100w\" sizes=\"auto, (max-width: 150px) 100vw, 150px\" \/><\/a>\n\t\t\t<\/dt><\/dl><dl class='gallery-item'>\n\t\t\t<dt class='gallery-icon landscape'>\n\t\t\t\t<a class=\"grouped_elements\" rel=\"tc-fancybox-group\" href=\"https:\/\/oledinteractive.lu\/wp\/wp-content\/uploads\/2016\/08\/Flex-LED-1.jpg\" title=\"\"><img loading=\"lazy\" decoding=\"async\" width=\"150\" height=\"150\" src=\"https:\/\/oledinteractive.lu\/wp\/wp-content\/uploads\/2016\/08\/Flex-LED-1-150x150.jpg\" class=\"attachment-thumbnail size-thumbnail\" alt=\"\" srcset=\"https:\/\/oledinteractive.lu\/wp\/wp-content\/uploads\/2016\/08\/Flex-LED-1-150x150.jpg 150w, https:\/\/oledinteractive.lu\/wp\/wp-content\/uploads\/2016\/08\/Flex-LED-1-100x100.jpg 100w\" sizes=\"auto, (max-width: 150px) 100vw, 150px\" \/><\/a>\n\t\t\t<\/dt><\/dl><dl class='gallery-item'>\n\t\t\t<dt class='gallery-icon landscape'>\n\t\t\t\t<a class=\"grouped_elements\" rel=\"tc-fancybox-group\" href=\"https:\/\/oledinteractive.lu\/wp\/wp-content\/uploads\/2016\/08\/Flex-LED-6.jpg\" title=\"\"><img loading=\"lazy\" decoding=\"async\" width=\"150\" height=\"150\" src=\"https:\/\/oledinteractive.lu\/wp\/wp-content\/uploads\/2016\/08\/Flex-LED-6-150x150.jpg\" class=\"attachment-thumbnail size-thumbnail\" alt=\"\" srcset=\"https:\/\/oledinteractive.lu\/wp\/wp-content\/uploads\/2016\/08\/Flex-LED-6-150x150.jpg 150w, https:\/\/oledinteractive.lu\/wp\/wp-content\/uploads\/2016\/08\/Flex-LED-6-300x300.jpg 300w, https:\/\/oledinteractive.lu\/wp\/wp-content\/uploads\/2016\/08\/Flex-LED-6-100x100.jpg 100w\" sizes=\"auto, (max-width: 150px) 100vw, 150px\" \/><\/a>\n\t\t\t<\/dt><\/dl><dl class='gallery-item'>\n\t\t\t<dt class='gallery-icon landscape'>\n\t\t\t\t<a class=\"grouped_elements\" rel=\"tc-fancybox-group\" href=\"https:\/\/oledinteractive.lu\/wp\/wp-content\/uploads\/2016\/08\/Flex-LED-2.jpg\" title=\"\"><img loading=\"lazy\" decoding=\"async\" width=\"150\" height=\"150\" src=\"https:\/\/oledinteractive.lu\/wp\/wp-content\/uploads\/2016\/08\/Flex-LED-2-150x150.jpg\" class=\"attachment-thumbnail size-thumbnail\" alt=\"\" srcset=\"https:\/\/oledinteractive.lu\/wp\/wp-content\/uploads\/2016\/08\/Flex-LED-2-150x150.jpg 150w, https:\/\/oledinteractive.lu\/wp\/wp-content\/uploads\/2016\/08\/Flex-LED-2-300x300.jpg 300w, https:\/\/oledinteractive.lu\/wp\/wp-content\/uploads\/2016\/08\/Flex-LED-2-100x100.jpg 100w\" sizes=\"auto, (max-width: 150px) 100vw, 150px\" \/><\/a>\n\t\t\t<\/dt><\/dl>\n\t\t\t<br style='clear: both' \/>\n\t\t<\/div>\n\n<hr \/>\n<p style=\"text-align: justify;\">Nos \u00e9quipes de professionnels con\u00e7oivent et commercialisent <strong>tous types d\u2019\u00e9crans de haute qualit\u00e9<\/strong>, avec ou sans structure d\u2019attache, sur remorque, avec ou sans \u00e9l\u00e9vateur, <strong>parfaitement adapt\u00e9s \u00e0 vos besoins.<\/strong><\/p>\n<p>&nbsp;<\/p>\n<p><strong>\u00a0<a href=\"http:\/\/oledinteractive.lu\/wp\/wp-content\/uploads\/2017\/04\/CGV-OLED.pdf\" target=\"_blank\" rel=\"noopener noreferrer\">Conditions G\u00e9n\u00e9rales<\/a><\/strong><\/p>\n","protected":false},"excerpt":{"rendered":"<p>Nous r\u00e9alisons l&rsquo;\u00e9tude, la conception et la mise en place d\u2019affichages dynamiques sur mesure, essentiels \u00e0 toute communication digitale professionnelle. Notre exp\u00e9rience sur les march\u00e9s internationaux nous permet de travailler avec des fabricants de produits \u00e9lectroniques de haute qualit\u00e9. Les \u00e9crans r\u00e9pondront \u00e0 vos attentes en s\u2019int\u00e9grant parfaitement dans leur environnement. Ces supports, dont le [&hellip;]<\/p>\n","protected":false},"author":1,"featured_media":0,"parent":0,"menu_order":2,"comment_status":"closed","ping_status":"open","template":"","meta":{"footnotes":""},"class_list":["post-14","page","type-page","status-publish","czr-hentry"],"jetpack_sharing_enabled":true,"_links":{"self":[{"href":"https:\/\/oledinteractive.lu\/ecran-geant-led-luxembourg-belgique\/wp-json\/wp\/v2\/pages\/14","targetHints":{"allow":["GET"]}}],"collection":[{"href":"https:\/\/oledinteractive.lu\/ecran-geant-led-luxembourg-belgique\/wp-json\/wp\/v2\/pages"}],"about":[{"href":"https:\/\/oledinteractive.lu\/ecran-geant-led-luxembourg-belgique\/wp-json\/wp\/v2\/types\/page"}],"author":[{"embeddable":true,"href":"https:\/\/oledinteractive.lu\/ecran-geant-led-luxembourg-belgique\/wp-json\/wp\/v2\/users\/1"}],"replies":[{"embeddable":true,"href":"https:\/\/oledinteractive.lu\/ecran-geant-led-luxembourg-belgique\/wp-json\/wp\/v2\/comments?post=14"}],"version-history":[{"count":69,"href":"https:\/\/oledinteractive.lu\/ecran-geant-led-luxembourg-belgique\/wp-json\/wp\/v2\/pages\/14\/revisions"}],"predecessor-version":[{"id":3482,"href":"https:\/\/oledinteractive.lu\/ecran-geant-led-luxembourg-belgique\/wp-json\/wp\/v2\/pages\/14\/revisions\/3482"}],"wp:attachment":[{"href":"https:\/\/oledinteractive.lu\/ecran-geant-led-luxembourg-belgique\/wp-json\/wp\/v2\/media?parent=14"}],"curies":[{"name":"wp","href":"https:\/\/api.w.org\/{rel}","templated":true}]}}