{"id":1265,"date":"2015-06-14T15:42:46","date_gmt":"2015-06-14T14:42:46","guid":{"rendered":"http:\/\/oledinteractive.lu\/wp\/?page_id=1265"},"modified":"2021-09-16T13:39:55","modified_gmt":"2021-09-16T12:39:55","slug":"technologie-oled","status":"publish","type":"page","link":"https:\/\/oledinteractive.lu\/ecran-geant-led-luxembourg-belgique\/technologie-oled\/","title":{"rendered":"Technologie OLED"},"content":{"rendered":"<p>Qu&rsquo;est-ce que la technologie <strong>OLED<\/strong> comparativement \u00e0 la technologie <strong>LED<\/strong> bien connue ? Son acronyme <strong>Organic Light-Emitting Diodes<\/strong>.<\/p>\n<p>Un film organique (compos\u00e9 carbon\u00e9) est pris en sandwich entre deux autres films jouant le r\u00f4le d&rsquo;\u00e9lectrodes.<\/p>\n<p>Lorsqu&rsquo;un courant est appliqu\u00e9, le compos\u00e9 organique s&rsquo;illumine.<\/p>\n<p>&nbsp;<\/p>\n<p>&nbsp;<\/p>\n<table>\n<tbody>\n<tr>\n<td><a href=\"http:\/\/oledinteractive.lu\/wp\/wp-content\/uploads\/2015\/06\/samsung-display-vs-lg-oled-tv-technical.jpg\"><img loading=\"lazy\" decoding=\"async\" class=\"aligncenter wp-image-1058\" title=\"Technologie OLED SAMSUNG vs LG\" src=\"http:\/\/oledinteractive.lu\/wp\/wp-content\/uploads\/2015\/06\/samsung-display-vs-lg-oled-tv-technical.jpg\" alt=\"samsung-display-vs-lg-oled-tv-technical\" width=\"463\" height=\"250\" srcset=\"https:\/\/oledinteractive.lu\/wp\/wp-content\/uploads\/2015\/06\/samsung-display-vs-lg-oled-tv-technical.jpg 500w, https:\/\/oledinteractive.lu\/wp\/wp-content\/uploads\/2015\/06\/samsung-display-vs-lg-oled-tv-technical-300x162.jpg 300w\" sizes=\"auto, (max-width: 463px) 100vw, 463px\" \/><\/a><\/td>\n<td><img loading=\"lazy\" decoding=\"async\" class=\" aligncenter wp-image-1117\" src=\"http:\/\/oledinteractive.lu\/wp\/wp-content\/uploads\/2015\/06\/Audi_light_concept_3-1024x683.jpg\" alt=\"\" width=\"375\" height=\"250\" srcset=\"https:\/\/oledinteractive.lu\/wp\/wp-content\/uploads\/2015\/06\/Audi_light_concept_3-1024x683.jpg 1024w, https:\/\/oledinteractive.lu\/wp\/wp-content\/uploads\/2015\/06\/Audi_light_concept_3-600x400.jpg 600w, https:\/\/oledinteractive.lu\/wp\/wp-content\/uploads\/2015\/06\/Audi_light_concept_3-300x200.jpg 300w\" sizes=\"auto, (max-width: 375px) 100vw, 375px\" \/><\/td>\n<\/tr>\n<\/tbody>\n<\/table>\n<p>Les avantages de la technologie <strong>OLED\u00a0<\/strong> sont multiples: les \u00e9crans sont plus lumineux, plus contrast\u00e9s, beaucoup plus fins et plus l\u00e9gers que les \u00e9crans <strong>LCD<\/strong> , tout en n\u00e9cessitant nettement moins d&rsquo;\u00e9nergie et finalement en co\u00fbtant potentiellement moins cher en production \u00e0 terme, bref, que des avantages li\u00e9s \u00e0 cette nouvelle technologie en passe d&rsquo;\u00eatre une r\u00e9f\u00e9rence dans l&rsquo;affichage tr\u00e8s haute d\u00e9finition.<\/p>\n<p>Grand avantage non n\u00e9gligeable, \u00e9tant une technologie tr\u00e8s fine, les \u00e9crans en r\u00e9sultant sont potentiellement pliables; plus aucune limite ne viendra emp\u00eacher vos r\u00e9alisations.<\/p>\n<p>&nbsp;<\/p>\n<table>\n<tbody>\n<tr>\n<td><a href=\"https:\/\/www.youtube.com\/watch?v=hCvJQPzQnrg\" target=\"_blank\" rel=\"noopener\"><img loading=\"lazy\" decoding=\"async\" class=\" wp-image-1113 aligncenter\" src=\"http:\/\/oledinteractive.lu\/wp\/wp-content\/uploads\/2015\/06\/Nokia_oled_pliable.jpg\" alt=\"Nokia_oled_pliable\" width=\"530\" height=\"400\" srcset=\"https:\/\/oledinteractive.lu\/wp\/wp-content\/uploads\/2015\/06\/Nokia_oled_pliable.jpg 635w, https:\/\/oledinteractive.lu\/wp\/wp-content\/uploads\/2015\/06\/Nokia_oled_pliable-600x453.jpg 600w, https:\/\/oledinteractive.lu\/wp\/wp-content\/uploads\/2015\/06\/Nokia_oled_pliable-300x226.jpg 300w\" sizes=\"auto, (max-width: 530px) 100vw, 530px\" \/><\/a><\/td>\n<td><img loading=\"lazy\" decoding=\"async\" class=\" wp-image-1111 aligncenter\" src=\"http:\/\/oledinteractive.lu\/wp\/wp-content\/uploads\/2015\/06\/GFlex-1607-1024x680.jpg\" alt=\"GFlex-1607\" width=\"602\" height=\"400\" srcset=\"https:\/\/oledinteractive.lu\/wp\/wp-content\/uploads\/2015\/06\/GFlex-1607-1024x680.jpg 1024w, https:\/\/oledinteractive.lu\/wp\/wp-content\/uploads\/2015\/06\/GFlex-1607-600x399.jpg 600w, https:\/\/oledinteractive.lu\/wp\/wp-content\/uploads\/2015\/06\/GFlex-1607-300x199.jpg 300w, https:\/\/oledinteractive.lu\/wp\/wp-content\/uploads\/2015\/06\/GFlex-1607.jpg 1400w\" sizes=\"auto, (max-width: 602px) 100vw, 602px\" \/><\/td>\n<\/tr>\n<\/tbody>\n<\/table>\n<p>Ci-dessous, l&rsquo;exemple des \u00e9clairages arri\u00e8res d&rsquo;un prototype Audi con\u00e7u \u00e0 base d&rsquo;OLED.<\/p>\n<p>&nbsp;<\/p>\n<p><iframe loading=\"lazy\" title=\"Audi OLED Technology\" width=\"1170\" height=\"878\" src=\"https:\/\/www.youtube.com\/embed\/m0bCOHlJZS8?feature=oembed\" frameborder=\"0\" allow=\"accelerometer; autoplay; clipboard-write; encrypted-media; gyroscope; picture-in-picture\" allowfullscreen><\/iframe><\/p>\n<p>&nbsp;<\/p>\n","protected":false},"excerpt":{"rendered":"<p>Qu&rsquo;est-ce que la technologie OLED comparativement \u00e0 la technologie LED bien connue ? Son acronyme Organic Light-Emitting Diodes. Un film organique (compos\u00e9 carbon\u00e9) est pris en sandwich entre deux autres films jouant le r\u00f4le d&rsquo;\u00e9lectrodes. Lorsqu&rsquo;un courant est appliqu\u00e9, le compos\u00e9 organique s&rsquo;illumine. &nbsp; &nbsp; Les avantages de la technologie OLED\u00a0 sont multiples: les \u00e9crans [&hellip;]<\/p>\n","protected":false},"author":1,"featured_media":0,"parent":0,"menu_order":0,"comment_status":"closed","ping_status":"open","template":"","meta":{"footnotes":""},"class_list":["post-1265","page","type-page","status-publish","czr-hentry"],"jetpack_sharing_enabled":true,"_links":{"self":[{"href":"https:\/\/oledinteractive.lu\/ecran-geant-led-luxembourg-belgique\/wp-json\/wp\/v2\/pages\/1265","targetHints":{"allow":["GET"]}}],"collection":[{"href":"https:\/\/oledinteractive.lu\/ecran-geant-led-luxembourg-belgique\/wp-json\/wp\/v2\/pages"}],"about":[{"href":"https:\/\/oledinteractive.lu\/ecran-geant-led-luxembourg-belgique\/wp-json\/wp\/v2\/types\/page"}],"author":[{"embeddable":true,"href":"https:\/\/oledinteractive.lu\/ecran-geant-led-luxembourg-belgique\/wp-json\/wp\/v2\/users\/1"}],"replies":[{"embeddable":true,"href":"https:\/\/oledinteractive.lu\/ecran-geant-led-luxembourg-belgique\/wp-json\/wp\/v2\/comments?post=1265"}],"version-history":[{"count":32,"href":"https:\/\/oledinteractive.lu\/ecran-geant-led-luxembourg-belgique\/wp-json\/wp\/v2\/pages\/1265\/revisions"}],"predecessor-version":[{"id":1270,"href":"https:\/\/oledinteractive.lu\/ecran-geant-led-luxembourg-belgique\/wp-json\/wp\/v2\/pages\/1265\/revisions\/1270"}],"wp:attachment":[{"href":"https:\/\/oledinteractive.lu\/ecran-geant-led-luxembourg-belgique\/wp-json\/wp\/v2\/media?parent=1265"}],"curies":[{"name":"wp","href":"https:\/\/api.w.org\/{rel}","templated":true}]}}