{"id":1946,"date":"2016-03-29T14:21:34","date_gmt":"2016-03-29T13:21:34","guid":{"rendered":"http:\/\/oledinteractive.lu\/wp\/?page_id=1946"},"modified":"2020-11-20T18:21:52","modified_gmt":"2020-11-20T17:21:52","slug":"oled-gamme-infinity-microsoft-a-de-la-concurrence","status":"publish","type":"page","link":"https:\/\/oledinteractive.lu\/ecran-geant-led-luxembourg-belgique\/oled-gamme-infinity-microsoft-a-de-la-concurrence\/","title":{"rendered":"MEETING SMART BOARD SKYWORTH"},"content":{"rendered":"<p style=\"text-align: justify;\">OLED INTERACTIVE gamme <strong>Infinity<\/strong> en partenariat avec <strong>SKYWORT<\/strong>.<\/p>\n<p style=\"text-align: justify;\">Des \u00e9crans\u00a0 65&Prime;(165cm) , le 84&Prime;(213cm), mais aussi disponible jusqu\u2019\u00e0 110&Prime; (280cm) sur demande.<\/p>\n<p style=\"text-align: justify;\">Toutes les dalles sont disponible en version tactile multipoint UHD, des produits de tr\u00e8s haute qualit\u00e9 propos\u00e9s aux \u00e9coles, pressm\u00e9dia, entreprises ainsi qu&rsquo;\u00e0 la commission europ\u00e9enne.<\/p>\n<table>\n<tbody>\n<tr>\n<td><img loading=\"lazy\" decoding=\"async\" class=\"alignnone wp-image-3303 size-full\" src=\"http:\/\/oledinteractive.lu\/wp\/wp-content\/uploads\/2018\/12\/1533444663.jpg\" alt=\"\" width=\"1920\" height=\"690\" srcset=\"https:\/\/oledinteractive.lu\/wp\/wp-content\/uploads\/2018\/12\/1533444663.jpg 1920w, https:\/\/oledinteractive.lu\/wp\/wp-content\/uploads\/2018\/12\/1533444663-600x216.jpg 600w, https:\/\/oledinteractive.lu\/wp\/wp-content\/uploads\/2018\/12\/1533444663-300x108.jpg 300w, https:\/\/oledinteractive.lu\/wp\/wp-content\/uploads\/2018\/12\/1533444663-768x276.jpg 768w, https:\/\/oledinteractive.lu\/wp\/wp-content\/uploads\/2018\/12\/1533444663-1024x368.jpg 1024w\" sizes=\"auto, (max-width: 1920px) 100vw, 1920px\" \/><\/td>\n<td><img loading=\"lazy\" decoding=\"async\" class=\"alignnone wp-image-3301 size-full\" src=\"http:\/\/oledinteractive.lu\/wp\/wp-content\/uploads\/2018\/12\/1.png\" alt=\"\" width=\"175\" height=\"40\" \/><\/td>\n<\/tr>\n<\/tbody>\n<\/table>\n<table>\n<tbody>\n<tr>\n<td><a href=\"http:\/\/oledinteractive.lu\/wp\/wp-content\/uploads\/2016\/03\/ec2.jpg\"><img loading=\"lazy\" decoding=\"async\" class=\"aligncenter wp-image-2085\" src=\"http:\/\/oledinteractive.lu\/wp\/wp-content\/uploads\/2016\/03\/ec2-1024x683.jpg\" width=\"600\" height=\"400\" srcset=\"https:\/\/oledinteractive.lu\/wp\/wp-content\/uploads\/2016\/03\/ec2-1024x683.jpg 1024w, https:\/\/oledinteractive.lu\/wp\/wp-content\/uploads\/2016\/03\/ec2-600x400.jpg 600w, https:\/\/oledinteractive.lu\/wp\/wp-content\/uploads\/2016\/03\/ec2-300x200.jpg 300w, https:\/\/oledinteractive.lu\/wp\/wp-content\/uploads\/2016\/03\/ec2-768x513.jpg 768w, https:\/\/oledinteractive.lu\/wp\/wp-content\/uploads\/2016\/03\/ec2.jpg 1840w\" sizes=\"auto, (max-width: 600px) 100vw, 600px\" \/><\/a><\/td>\n<td><a href=\"http:\/\/oledinteractive.lu\/wp\/wp-content\/uploads\/2016\/03\/ec1.jpg\"><img loading=\"lazy\" decoding=\"async\" class=\"aligncenter wp-image-2084\" src=\"http:\/\/oledinteractive.lu\/wp\/wp-content\/uploads\/2016\/03\/ec1-1024x724.jpg\" width=\"600\" height=\"424\" srcset=\"https:\/\/oledinteractive.lu\/wp\/wp-content\/uploads\/2016\/03\/ec1-1024x724.jpg 1024w, https:\/\/oledinteractive.lu\/wp\/wp-content\/uploads\/2016\/03\/ec1-600x424.jpg 600w, https:\/\/oledinteractive.lu\/wp\/wp-content\/uploads\/2016\/03\/ec1-300x212.jpg 300w, https:\/\/oledinteractive.lu\/wp\/wp-content\/uploads\/2016\/03\/ec1-768x543.jpg 768w, https:\/\/oledinteractive.lu\/wp\/wp-content\/uploads\/2016\/03\/ec1.jpg 1784w\" sizes=\"auto, (max-width: 600px) 100vw, 600px\" \/><\/a><\/td>\n<\/tr>\n<\/tbody>\n<\/table>\n<p><!--[endif]--><\/p>\n<table style=\"width: 100%; border-collapse: collapse; height: 2209px;\" border=\"0\">\n<tbody>\n<tr style=\"height: 412px;\">\n<td style=\"width: 50%; height: 412px;\">\n<h2>1.System<\/h2>\n<p>\u25c6 Based on Android 5.1.1 system<\/p>\n<p>\u25c6 4 core high performance processor 1.2GHz master frequency<\/p>\n<p>\u25c6 2G DDRIII main memory<\/p>\n<p>\u25c6 Built-in 16G flash memory, supports external TF Card<\/p>\n<p>\u25c6 wifi module\uff0csupports 802.11 b\/g\/n ,2.4G+5.8G two modes<\/p>\n<p>\u25c6 100M network interface<\/p>\n<p>\u25c6 4K UKD resolution<\/p>\n<p>\u25c6 I\/O interface: 6x USB \/1xVGA\/1x RJ45\/1x Audio\/1xHDMI\/1xTouch OUT<\/td>\n<td style=\"width: 50%; height: 412px;\">&nbsp;<\/p>\n<p>It\u2019s a \u00ab\u00a0efficient, convenient and low-cost\u00a0\u00bb conference system.<\/p>\n<p>1) LGD 4K resolution, 3840*2160,IPS screen; touch frame support front access\uff1b writing by Pen, Finger and other.<\/p>\n<p>2) U- Share supports 8 device access, while supports 4 different mobile devices share to the smart board at the same time.<\/p>\n<p>3) Support up to10 points touch, writing, touch accuracy less than 2mm, 3 kinds of gestures eraser mode.<\/td>\n<\/tr>\n<tr style=\"height: 1797px;\">\n<td style=\"width: 50%; height: 1797px;\">\n<h2><a name=\"_Toc387830048\"><\/a>2.Specification for 86 inch ask for more<\/h2>\n<table style=\"height: 1178px;\" width=\"796\">\n<tbody>\n<tr style=\"height: 28px;\">\n<td style=\"height: 28px; width: 291.8px;\" colspan=\"3\"><strong>Item<\/strong><\/td>\n<td style=\"height: 28px; width: 361.2px;\"><strong>Parameter<\/strong><\/td>\n<\/tr>\n<tr style=\"height: 28px;\">\n<td style=\"height: 28px; width: 291.8px;\" colspan=\"3\">Name<\/td>\n<td style=\"height: 28px; width: 361.2px;\">Smart Board<\/td>\n<\/tr>\n<tr style=\"height: 28px;\">\n<td style=\"height: 28px; width: 291.8px;\" colspan=\"3\">Model<\/td>\n<td style=\"height: 28px; width: 361.2px;\">SKY86SXE0H<\/td>\n<\/tr>\n<tr style=\"height: 28px;\">\n<td style=\"height: 280px; width: 85.3px;\" rowspan=\"10\">Panel<\/td>\n<td style=\"height: 28px; width: 195.5px;\" colspan=\"2\">Screen<\/td>\n<td style=\"height: 28px; width: 361.2px;\">86 inch<\/td>\n<\/tr>\n<tr style=\"height: 28px;\">\n<td style=\"height: 28px; width: 195.5px;\" colspan=\"2\">Back Light<\/td>\n<td style=\"height: 28px; width: 361.2px;\">LED<\/td>\n<\/tr>\n<tr style=\"height: 28px;\">\n<td style=\"height: 28px; width: 195.5px;\" colspan=\"2\">Resolution<\/td>\n<td style=\"height: 28px; width: 361.2px;\">3840\u00d72160<\/td>\n<\/tr>\n<tr style=\"height: 28px;\">\n<td style=\"height: 28px; width: 195.5px;\" colspan=\"2\">Display size\uff08mm\uff09<\/td>\n<td style=\"height: 28px; width: 361.2px;\">1896mm(W) *1067mm (H)<\/td>\n<\/tr>\n<tr style=\"height: 28px;\">\n<td style=\"height: 28px; width: 195.5px;\" colspan=\"2\">Response Time<\/td>\n<td style=\"height: 28px; width: 361.2px;\">6.5ms<\/td>\n<\/tr>\n<tr style=\"height: 28px;\">\n<td style=\"height: 28px; width: 195.5px;\" colspan=\"2\">Brightness<\/td>\n<td style=\"height: 28px; width: 361.2px;\">350cd\/m\u00b2<\/td>\n<\/tr>\n<tr style=\"height: 28px;\">\n<td style=\"height: 28px; width: 195.5px;\" colspan=\"2\">Contrast<\/td>\n<td style=\"height: 28px; width: 361.2px;\">1200:1<\/td>\n<\/tr>\n<tr style=\"height: 28px;\">\n<td style=\"height: 28px; width: 195.5px;\" colspan=\"2\">View Angle<\/td>\n<td style=\"height: 28px; width: 361.2px;\">178\u00b0<\/td>\n<\/tr>\n<tr style=\"height: 28px;\">\n<td style=\"height: 28px; width: 195.5px;\" colspan=\"2\">Color<\/td>\n<td style=\"height: 28px; width: 361.2px;\">16.7M<\/td>\n<\/tr>\n<tr style=\"height: 28px;\">\n<td style=\"height: 28px; width: 195.5px;\" colspan=\"2\">Ratio<\/td>\n<td style=\"height: 28px; width: 361.2px;\">16\uff1a9<\/td>\n<\/tr>\n<tr style=\"height: 28px;\">\n<td style=\"height: 238px; width: 85.3px;\" rowspan=\"6\">Build-in<\/p>\n<p>ANDROID<\/p>\n<p>System<\/td>\n<td style=\"height: 28px; width: 195.5px;\" colspan=\"2\">CPU<\/td>\n<td style=\"height: 28px; width: 361.2px;\">4-core processor 1.2GHz frequency<\/td>\n<\/tr>\n<tr style=\"height: 28px;\">\n<td style=\"height: 28px; width: 195.5px;\" colspan=\"2\">Memory<\/td>\n<td style=\"height: 28px; width: 361.2px;\">2G<\/td>\n<\/tr>\n<tr style=\"height: 28px;\">\n<td style=\"height: 28px; width: 195.5px;\" colspan=\"2\">Built-in flash memory<\/td>\n<td style=\"height: 28px; width: 361.2px;\">16G<\/td>\n<\/tr>\n<tr style=\"height: 28px;\">\n<td style=\"height: 28px; width: 195.5px;\" colspan=\"2\">Operating System<\/td>\n<td style=\"height: 28px; width: 361.2px;\">Android 5.1.1<\/td>\n<\/tr>\n<tr style=\"height: 98px;\">\n<td style=\"height: 98px; width: 195.5px;\" colspan=\"2\">Speaker<\/td>\n<td style=\"height: 98px; width: 361.2px;\">15W\u00d72<\/p>\n<p>&nbsp;<\/td>\n<\/tr>\n<tr style=\"height: 28px;\">\n<td style=\"height: 28px; width: 195.5px;\" colspan=\"2\">Storage<\/td>\n<td style=\"height: 28px; width: 361.2px;\">TF card\uff0cU disk<\/td>\n<\/tr>\n<tr style=\"height: 28px;\">\n<td style=\"height: 140px; width: 85.3px;\" rowspan=\"5\">Signal<\/p>\n<p>Ports<\/td>\n<td style=\"height: 28px; width: 195.5px;\" colspan=\"2\">Network Port<\/td>\n<td style=\"height: 28px; width: 361.2px;\">RJ45\uff0cwifi\uff0c<\/td>\n<\/tr>\n<tr style=\"height: 28px;\">\n<td style=\"height: 28px; width: 195.5px;\" colspan=\"2\">USB Port<\/td>\n<td style=\"height: 28px; width: 361.2px;\">6 ay\uff085 way USB2.0\uff0c1 way USB3.0\uff09<\/td>\n<\/tr>\n<tr style=\"height: 28px;\">\n<td style=\"height: 28px; width: 195.5px;\" colspan=\"2\">HDMI IN<\/td>\n<td style=\"height: 28px; width: 361.2px;\">1 way<\/td>\n<\/tr>\n<tr style=\"height: 28px;\">\n<td style=\"height: 28px; width: 195.5px;\" colspan=\"2\">VGA IN<\/td>\n<td style=\"height: 28px; width: 361.2px;\">1 way<\/td>\n<\/tr>\n<tr style=\"height: 28px;\">\n<td style=\"height: 28px; width: 195.5px;\" colspan=\"2\">Earphone port<\/td>\n<td style=\"height: 28px; width: 361.2px;\">1 way<\/td>\n<\/tr>\n<tr style=\"height: 28px;\">\n<td style=\"height: 28px; width: 664px;\" colspan=\"4\"><\/td>\n<\/tr>\n<tr style=\"height: 28px;\">\n<td style=\"height: 56px; width: 85.3px;\" colspan=\"2\" rowspan=\"2\">Working Environment<\/td>\n<td style=\"height: 28px; width: 195.5px;\">Temperature<\/td>\n<td style=\"height: 28px; width: 361.2px;\">0\u2103\uff5e50\u2103<\/td>\n<\/tr>\n<tr style=\"height: 28px;\">\n<td style=\"height: 28px; width: 195.5px;\">Humidity<\/td>\n<td style=\"height: 28px; width: 361.2px;\">10%\uff5e90%<\/td>\n<\/tr>\n<tr style=\"height: 28px;\">\n<td style=\"height: 56px; width: 85.3px;\" colspan=\"2\" rowspan=\"2\">Storage Environment<\/td>\n<td style=\"height: 28px; width: 195.5px;\">Temperature<\/td>\n<td style=\"height: 28px; width: 361.2px;\">-20\u2103\uff5e60\u2103<\/td>\n<\/tr>\n<tr style=\"height: 28px;\">\n<td style=\"height: 28px; width: 195.5px;\">Humidity<\/td>\n<td style=\"height: 28px; width: 361.2px;\">5%\uff5e90%<\/td>\n<\/tr>\n<tr style=\"height: 28px;\">\n<td style=\"height: 28px; width: 291.8px;\" colspan=\"3\">Input voltage<\/td>\n<td style=\"height: 28px; width: 361.2px;\">AC220V<\/td>\n<\/tr>\n<tr style=\"height: 182px;\">\n<td style=\"height: 128px; width: 291.8px;\" colspan=\"3\">Demand current<\/p>\n<p>&nbsp;<\/p>\n<p>&nbsp;<\/td>\n<td style=\"height: 128px; width: 361.2px;\">\u22641.5A<\/p>\n<p>3A<\/p>\n<p>0.5A<\/td>\n<\/tr>\n<tr style=\"height: 28px;\">\n<td style=\"height: 28px; width: 291.8px;\" colspan=\"3\">Accessories<\/td>\n<td style=\"height: 28px; width: 361.2px;\">User Manual\u3001Pen*2\uff0cU-Share*1\uff0cPower cable*1\uff0c<\/td>\n<\/tr>\n<tr style=\"height: 28px;\">\n<td style=\"height: 28px; width: 291.8px;\" colspan=\"3\">Product Size<\/td>\n<td style=\"height: 28px; width: 361.2px;\">2042*1221*110 mm<\/td>\n<\/tr>\n<tr style=\"height: 28px;\">\n<td style=\"height: 28px; width: 291.8px;\" colspan=\"3\">Package Size<\/td>\n<td style=\"height: 28px; width: 361.2px;\">2245*1350*315 mm<\/td>\n<\/tr>\n<tr style=\"height: 28px;\">\n<td style=\"height: 28px; width: 291.8px;\" colspan=\"3\">Net Weight<\/td>\n<td style=\"height: 28px; width: 361.2px;\">95Kg<\/td>\n<\/tr>\n<tr style=\"height: 28px;\">\n<td style=\"height: 28px; width: 291.8px;\" colspan=\"3\">Gross Weight<\/td>\n<td style=\"height: 28px; width: 361.2px;\">115Kg<\/td>\n<\/tr>\n<\/tbody>\n<\/table>\n<\/td>\n<td style=\"width: 50%; height: 1797px;\"><a href=\"http:\/\/oledinteractive.lu\/wp\/wp-content\/uploads\/2018\/12\/sky456.jpg\"><img loading=\"lazy\" decoding=\"async\" class=\"wp-image-3378 size-full aligncenter\" src=\"http:\/\/oledinteractive.lu\/wp\/wp-content\/uploads\/2018\/12\/sky456.jpg\" alt=\"\" width=\"2200\" height=\"1650\" srcset=\"https:\/\/oledinteractive.lu\/wp\/wp-content\/uploads\/2018\/12\/sky456.jpg 2200w, https:\/\/oledinteractive.lu\/wp\/wp-content\/uploads\/2018\/12\/sky456-600x450.jpg 600w, https:\/\/oledinteractive.lu\/wp\/wp-content\/uploads\/2018\/12\/sky456-300x225.jpg 300w, https:\/\/oledinteractive.lu\/wp\/wp-content\/uploads\/2018\/12\/sky456-768x576.jpg 768w, https:\/\/oledinteractive.lu\/wp\/wp-content\/uploads\/2018\/12\/sky456-1024x768.jpg 1024w\" sizes=\"auto, (max-width: 2200px) 100vw, 2200px\" \/><\/a> <img loading=\"lazy\" decoding=\"async\" class=\"size-full wp-image-3379 aligncenter\" src=\"http:\/\/oledinteractive.lu\/wp\/wp-content\/uploads\/2018\/12\/sky545.png\" alt=\"\" width=\"715\" height=\"109\" srcset=\"https:\/\/oledinteractive.lu\/wp\/wp-content\/uploads\/2018\/12\/sky545.png 715w, https:\/\/oledinteractive.lu\/wp\/wp-content\/uploads\/2018\/12\/sky545-600x91.png 600w, https:\/\/oledinteractive.lu\/wp\/wp-content\/uploads\/2018\/12\/sky545-300x46.png 300w\" sizes=\"auto, (max-width: 715px) 100vw, 715px\" \/><a href=\"http:\/\/oledinteractive.lu\/wp\/wp-content\/uploads\/2018\/12\/old-skywo.jpg\"><img loading=\"lazy\" decoding=\"async\" class=\"aligncenter wp-image-3384 size-full\" src=\"http:\/\/oledinteractive.lu\/wp\/wp-content\/uploads\/2018\/12\/old-skywo.jpg\" alt=\"\" width=\"600\" height=\"368\" srcset=\"https:\/\/oledinteractive.lu\/wp\/wp-content\/uploads\/2018\/12\/old-skywo.jpg 600w, https:\/\/oledinteractive.lu\/wp\/wp-content\/uploads\/2018\/12\/old-skywo-300x184.jpg 300w, https:\/\/oledinteractive.lu\/wp\/wp-content\/uploads\/2018\/12\/old-skywo-570x350.jpg 570w\" sizes=\"auto, (max-width: 600px) 100vw, 600px\" \/><\/a><a href=\"http:\/\/oledinteractive.lu\/wp\/wp-content\/uploads\/2018\/12\/old-skywo.jpg\"><img loading=\"lazy\" decoding=\"async\" class=\"wp-image-3377 size-full aligncenter\" src=\"http:\/\/oledinteractive.lu\/wp\/wp-content\/uploads\/2018\/12\/ecran-sky121.png\" alt=\"\" width=\"536\" height=\"657\" srcset=\"https:\/\/oledinteractive.lu\/wp\/wp-content\/uploads\/2018\/12\/ecran-sky121.png 536w, https:\/\/oledinteractive.lu\/wp\/wp-content\/uploads\/2018\/12\/ecran-sky121-245x300.png 245w\" sizes=\"auto, (max-width: 536px) 100vw, 536px\" \/><\/a><\/p>\n<p>&nbsp;<\/td>\n<\/tr>\n<\/tbody>\n<\/table>\n<p><img loading=\"lazy\" decoding=\"async\" class=\"alignnone size-large wp-image-1948\" src=\"http:\/\/oledinteractive.lu\/wp\/wp-content\/uploads\/2016\/03\/suface-caracttitre-1024x256.png\" alt=\"suface caracttitre\" width=\"1024\" height=\"256\" srcset=\"https:\/\/oledinteractive.lu\/wp\/wp-content\/uploads\/2016\/03\/suface-caracttitre-1024x256.png 1024w, https:\/\/oledinteractive.lu\/wp\/wp-content\/uploads\/2016\/03\/suface-caracttitre-600x150.png 600w, https:\/\/oledinteractive.lu\/wp\/wp-content\/uploads\/2016\/03\/suface-caracttitre-300x75.png 300w, https:\/\/oledinteractive.lu\/wp\/wp-content\/uploads\/2016\/03\/suface-caracttitre-768x192.png 768w, https:\/\/oledinteractive.lu\/wp\/wp-content\/uploads\/2016\/03\/suface-caracttitre.png 1832w\" sizes=\"auto, (max-width: 1024px) 100vw, 1024px\" \/><\/p>\n","protected":false},"excerpt":{"rendered":"<p>OLED INTERACTIVE gamme Infinity en partenariat avec SKYWORT. Des \u00e9crans\u00a0 65&Prime;(165cm) , le 84&Prime;(213cm), mais aussi disponible jusqu\u2019\u00e0 110&Prime; (280cm) sur demande. Toutes les dalles sont disponible en version tactile multipoint UHD, des produits de tr\u00e8s haute qualit\u00e9 propos\u00e9s aux \u00e9coles, pressm\u00e9dia, entreprises ainsi qu&rsquo;\u00e0 la commission europ\u00e9enne. 1.System \u25c6 Based on Android 5.1.1 system [&hellip;]<\/p>\n","protected":false},"author":1,"featured_media":0,"parent":0,"menu_order":0,"comment_status":"closed","ping_status":"closed","template":"","meta":{"footnotes":""},"class_list":["post-1946","page","type-page","status-publish","czr-hentry"],"jetpack_sharing_enabled":true,"_links":{"self":[{"href":"https:\/\/oledinteractive.lu\/ecran-geant-led-luxembourg-belgique\/wp-json\/wp\/v2\/pages\/1946","targetHints":{"allow":["GET"]}}],"collection":[{"href":"https:\/\/oledinteractive.lu\/ecran-geant-led-luxembourg-belgique\/wp-json\/wp\/v2\/pages"}],"about":[{"href":"https:\/\/oledinteractive.lu\/ecran-geant-led-luxembourg-belgique\/wp-json\/wp\/v2\/types\/page"}],"author":[{"embeddable":true,"href":"https:\/\/oledinteractive.lu\/ecran-geant-led-luxembourg-belgique\/wp-json\/wp\/v2\/users\/1"}],"replies":[{"embeddable":true,"href":"https:\/\/oledinteractive.lu\/ecran-geant-led-luxembourg-belgique\/wp-json\/wp\/v2\/comments?post=1946"}],"version-history":[{"count":46,"href":"https:\/\/oledinteractive.lu\/ecran-geant-led-luxembourg-belgique\/wp-json\/wp\/v2\/pages\/1946\/revisions"}],"predecessor-version":[{"id":3497,"href":"https:\/\/oledinteractive.lu\/ecran-geant-led-luxembourg-belgique\/wp-json\/wp\/v2\/pages\/1946\/revisions\/3497"}],"wp:attachment":[{"href":"https:\/\/oledinteractive.lu\/ecran-geant-led-luxembourg-belgique\/wp-json\/wp\/v2\/media?parent=1946"}],"curies":[{"name":"wp","href":"https:\/\/api.w.org\/{rel}","templated":true}]}}